{"id":85,"date":"2023-08-28T10:34:46","date_gmt":"2023-08-28T10:34:46","guid":{"rendered":"https:\/\/rafaelcastellanosurologo.com\/?page_id=85"},"modified":"2023-11-28T11:12:54","modified_gmt":"2023-11-28T16:12:54","slug":"blog-notas-de-interes","status":"publish","type":"page","link":"https:\/\/rafaelcastellanosurologo.com\/index.php\/blog-notas-de-interes\/","title":{"rendered":"Blog &#8211; Notas de inter\u00e9s"},"content":{"rendered":"\t\t<div data-elementor-type=\"wp-page\" data-elementor-id=\"85\" class=\"elementor elementor-85\" data-elementor-post-type=\"page\">\n\t\t\t\t<div class=\"elementor-element elementor-element-1fbff7c e-flex e-con-boxed e-con e-parent\" data-id=\"1fbff7c\" data-element_type=\"container\" data-e-type=\"container\">\n\t\t\t\t\t<div class=\"e-con-inner\">\n\t\t\t\t<div class=\"elementor-element elementor-element-0753399 elementor-widget elementor-widget-heading\" data-id=\"0753399\" data-element_type=\"widget\" data-e-type=\"widget\" data-widget_type=\"heading.default\">\n\t\t\t\t<div class=\"elementor-widget-container\">\n\t\t\t\t\t<h1 class=\"elementor-heading-title elementor-size-default\">Blog &#8211; Notas de inter\u00e9s<\/h1>\t\t\t\t<\/div>\n\t\t\t\t<\/div>\n\t\t\t\t<div class=\"elementor-element elementor-element-ce21aec elementor-posts--align-left elementor-grid-3 elementor-grid-tablet-2 elementor-grid-mobile-1 elementor-posts--thumbnail-top elementor-card-shadow-yes elementor-posts__hover-gradient elementor-widget elementor-widget-posts\" data-id=\"ce21aec\" data-element_type=\"widget\" data-e-type=\"widget\" data-settings=\"{&quot;cards_row_gap&quot;:{&quot;unit&quot;:&quot;px&quot;,&quot;size&quot;:30,&quot;sizes&quot;:[]},&quot;pagination_type&quot;:&quot;numbers_and_prev_next&quot;,&quot;cards_columns&quot;:&quot;3&quot;,&quot;cards_columns_tablet&quot;:&quot;2&quot;,&quot;cards_columns_mobile&quot;:&quot;1&quot;,&quot;cards_row_gap_tablet&quot;:{&quot;unit&quot;:&quot;px&quot;,&quot;size&quot;:&quot;&quot;,&quot;sizes&quot;:[]},&quot;cards_row_gap_mobile&quot;:{&quot;unit&quot;:&quot;px&quot;,&quot;size&quot;:&quot;&quot;,&quot;sizes&quot;:[]}}\" data-widget_type=\"posts.cards\">\n\t\t\t\t<div class=\"elementor-widget-container\">\n\t\t\t\t\t\t\t<div class=\"elementor-posts-container elementor-posts elementor-posts--skin-cards elementor-grid\" role=\"list\">\n\t\t\t\t<article class=\"elementor-post elementor-grid-item post-464 post type-post status-publish format-standard has-post-thumbnail hentry category-blog category-consulta-medica category-urologia tag-adolescencia tag-bienestar tag-calidad-de-vida tag-cambios-en-el-cuerpo tag-cancer-de-prostata tag-chequeo-urologico tag-cuidado-excepcional tag-disfuncion-erectil tag-experiencia-humana tag-infecciones-urinarias tag-medellin tag-prevencion tag-salud tag-salud-sexual tag-senales-silenciosas tag-tecnologia-avanzada tag-tercera-edad tag-trastornos-prostaticos tag-urologo\" role=\"listitem\">\n\t\t\t<div class=\"elementor-post__card\">\n\t\t\t\t<a class=\"elementor-post__thumbnail__link\" href=\"https:\/\/rafaelcastellanosurologo.com\/index.php\/2023\/11\/27\/desentranando-la-ruta-del-bienestar-5-razones-para-visitar-al-urologo-en-medellin\/\" tabindex=\"-1\" ><div class=\"elementor-post__thumbnail\"><img fetchpriority=\"high\" decoding=\"async\" width=\"300\" height=\"275\" src=\"https:\/\/rafaelcastellanosurologo.com\/wp-content\/uploads\/2023\/11\/escuchando-al-doctor-e1701178002396-300x275.jpg\" class=\"attachment-medium size-medium wp-image-487\" alt=\"\" srcset=\"https:\/\/rafaelcastellanosurologo.com\/wp-content\/uploads\/2023\/11\/escuchando-al-doctor-e1701178002396-300x275.jpg 300w, https:\/\/rafaelcastellanosurologo.com\/wp-content\/uploads\/2023\/11\/escuchando-al-doctor-e1701178002396-768x704.jpg 768w, https:\/\/rafaelcastellanosurologo.com\/wp-content\/uploads\/2023\/11\/escuchando-al-doctor-e1701178002396.jpg 1000w\" sizes=\"(max-width: 300px) 100vw, 300px\" \/><\/div><\/a>\n\t\t\t\t<div class=\"elementor-post__badge\">Blog<\/div>\n\t\t\t\t<div class=\"elementor-post__text\">\n\t\t\t\t<h3 class=\"elementor-post__title\">\n\t\t\t<a href=\"https:\/\/rafaelcastellanosurologo.com\/index.php\/2023\/11\/27\/desentranando-la-ruta-del-bienestar-5-razones-para-visitar-al-urologo-en-medellin\/\" >\n\t\t\t\tDesentra\u00f1ando la Ruta del Bienestar: 5 Razones para Visitar al Ur\u00f3logo en Medell\u00edn\t\t\t<\/a>\n\t\t<\/h3>\n\t\t\t\t<div class=\"elementor-post__excerpt\">\n\t\t\t<p>En esta entrada, exploraremos las cinco razones fundamentales que hacen de la visita al ur\u00f3logo en Medell\u00edn una decisi\u00f3n sabia para la salud a largo plazo.<\/p>\n\t\t<\/div>\n\t\t\n\t\t<a class=\"elementor-post__read-more\" href=\"https:\/\/rafaelcastellanosurologo.com\/index.php\/2023\/11\/27\/desentranando-la-ruta-del-bienestar-5-razones-para-visitar-al-urologo-en-medellin\/\" aria-label=\"Read more about Desentra\u00f1ando la Ruta del Bienestar: 5 Razones para Visitar al Ur\u00f3logo en Medell\u00edn\" tabindex=\"-1\" >\n\t\t\tSeguir Leyendo \u00bb\t\t<\/a>\n\n\t\t\t\t<\/div>\n\t\t\t\t<div class=\"elementor-post__meta-data\">\n\t\t\t\t\t<span class=\"elementor-post-date\">\n\t\t\tnoviembre 27, 2023\t\t<\/span>\n\t\t\t\t<\/div>\n\t\t\t\t\t<\/div>\n\t\t<\/article>\n\t\t\t\t<article class=\"elementor-post elementor-grid-item post-462 post type-post status-publish format-standard has-post-thumbnail hentry category-blog category-consulta-medica category-urologia tag-bienestar tag-calidad-de-vida tag-cambios-en-el-cuerpo tag-cancer-de-prostata tag-chequeo-urologico tag-cuidado-excepcional tag-disfuncion-erectil tag-infecciones-urinarias tag-prevencion tag-salud tag-salud-sexual tag-tecnologia-avanzada tag-trastornos-prostaticos tag-urologo\" role=\"listitem\">\n\t\t\t<div class=\"elementor-post__card\">\n\t\t\t\t<a class=\"elementor-post__thumbnail__link\" href=\"https:\/\/rafaelcastellanosurologo.com\/index.php\/2023\/11\/27\/salud-urologica-en-medellin-desvelando-los-secretos-para-una-vida-plena\/\" tabindex=\"-1\" ><div class=\"elementor-post__thumbnail\"><img decoding=\"async\" width=\"300\" height=\"200\" src=\"https:\/\/rafaelcastellanosurologo.com\/wp-content\/uploads\/2023\/11\/vista-frontal-hombre-lidiando-std-300x200.jpg\" class=\"attachment-medium size-medium wp-image-506\" alt=\"\" srcset=\"https:\/\/rafaelcastellanosurologo.com\/wp-content\/uploads\/2023\/11\/vista-frontal-hombre-lidiando-std-300x200.jpg 300w, https:\/\/rafaelcastellanosurologo.com\/wp-content\/uploads\/2023\/11\/vista-frontal-hombre-lidiando-std-1024x683.jpg 1024w, https:\/\/rafaelcastellanosurologo.com\/wp-content\/uploads\/2023\/11\/vista-frontal-hombre-lidiando-std-768x512.jpg 768w, https:\/\/rafaelcastellanosurologo.com\/wp-content\/uploads\/2023\/11\/vista-frontal-hombre-lidiando-std.jpg 1500w\" sizes=\"(max-width: 300px) 100vw, 300px\" \/><\/div><\/a>\n\t\t\t\t<div class=\"elementor-post__badge\">Blog<\/div>\n\t\t\t\t<div class=\"elementor-post__text\">\n\t\t\t\t<h3 class=\"elementor-post__title\">\n\t\t\t<a href=\"https:\/\/rafaelcastellanosurologo.com\/index.php\/2023\/11\/27\/salud-urologica-en-medellin-desvelando-los-secretos-para-una-vida-plena\/\" >\n\t\t\t\tSalud Urol\u00f3gica en Medell\u00edn: Desvelando los Secretos para una Vida Plena\t\t\t<\/a>\n\t\t<\/h3>\n\t\t\t\t<div class=\"elementor-post__excerpt\">\n\t\t\t<p>En este art\u00edculo, desentra\u00f1aremos la importancia de visitar a un ur\u00f3logo y c\u00f3mo esta decisi\u00f3n puede ser la clave para desbloquear un bienestar duradero.<\/p>\n\t\t<\/div>\n\t\t\n\t\t<a class=\"elementor-post__read-more\" href=\"https:\/\/rafaelcastellanosurologo.com\/index.php\/2023\/11\/27\/salud-urologica-en-medellin-desvelando-los-secretos-para-una-vida-plena\/\" aria-label=\"Read more about Salud Urol\u00f3gica en Medell\u00edn: Desvelando los Secretos para una Vida Plena\" tabindex=\"-1\" >\n\t\t\tSeguir Leyendo \u00bb\t\t<\/a>\n\n\t\t\t\t<\/div>\n\t\t\t\t<div class=\"elementor-post__meta-data\">\n\t\t\t\t\t<span class=\"elementor-post-date\">\n\t\t\tnoviembre 27, 2023\t\t<\/span>\n\t\t\t\t<\/div>\n\t\t\t\t\t<\/div>\n\t\t<\/article>\n\t\t\t\t<article class=\"elementor-post elementor-grid-item post-338 post type-post status-publish format-standard has-post-thumbnail hentry category-cirugias category-consulta-medica category-urologia category-urologica tag-atencion-medica-personalizada tag-bienestar-urologico tag-centro-medico tag-cirugia-laparoscopica tag-consulta-medica-especializada tag-cuidado-urologico-integral tag-especialistas-en-urologia tag-experticia-medica tag-innovacion-quirurgica tag-innovaciones-en-salud tag-medellin tag-mejora-de-la-calidad-de-vida tag-prevencion-de-enfermedades-urologicas tag-procedimientos-quirurgicos-modernos tag-rafael-castellano tag-recuperacion-rapida tag-tecnologia-medica tag-tratamientos-urologicos-avanzados\" role=\"listitem\">\n\t\t\t<div class=\"elementor-post__card\">\n\t\t\t\t<a class=\"elementor-post__thumbnail__link\" href=\"https:\/\/rafaelcastellanosurologo.com\/index.php\/2023\/11\/25\/descubre-la-ruta-hacia-una-salud-urologica-optima-en-medellin-cirugia-minimamente-invasiva-y-experticia-en-el-poblado\/\" tabindex=\"-1\" ><div class=\"elementor-post__thumbnail\"><img decoding=\"async\" width=\"300\" height=\"200\" src=\"https:\/\/rafaelcastellanosurologo.com\/wp-content\/uploads\/2023\/11\/urologia-300x200.jpg\" class=\"attachment-medium size-medium wp-image-339\" alt=\"\" srcset=\"https:\/\/rafaelcastellanosurologo.com\/wp-content\/uploads\/2023\/11\/urologia-300x200.jpg 300w, https:\/\/rafaelcastellanosurologo.com\/wp-content\/uploads\/2023\/11\/urologia-1024x682.jpg 1024w, https:\/\/rafaelcastellanosurologo.com\/wp-content\/uploads\/2023\/11\/urologia-768x512.jpg 768w, https:\/\/rafaelcastellanosurologo.com\/wp-content\/uploads\/2023\/11\/urologia.jpg 1280w\" sizes=\"(max-width: 300px) 100vw, 300px\" \/><\/div><\/a>\n\t\t\t\t<div class=\"elementor-post__badge\">Cirug\u00edas<\/div>\n\t\t\t\t<div class=\"elementor-post__text\">\n\t\t\t\t<h3 class=\"elementor-post__title\">\n\t\t\t<a href=\"https:\/\/rafaelcastellanosurologo.com\/index.php\/2023\/11\/25\/descubre-la-ruta-hacia-una-salud-urologica-optima-en-medellin-cirugia-minimamente-invasiva-y-experticia-en-el-poblado\/\" >\n\t\t\t\tDescubre la Ruta hacia una Salud Urol\u00f3gica \u00d3ptima en Medell\u00edn: Cirug\u00eda M\u00ednimamente Invasiva y Experticia en el Poblado\t\t\t<\/a>\n\t\t<\/h3>\n\t\t\t\t<div class=\"elementor-post__excerpt\">\n\t\t\t<p>Explora la ruta hacia una salud urol\u00f3gica \u00f3ptima en Medell\u00edn, con enfoque en cirug\u00eda m\u00ednimamente invasiva y experticia m\u00e9dica en el Poblado. Nuestra atenci\u00f3n se centra en ofrecer tratamientos urol\u00f3gicos avanzados, empleando tecnolog\u00eda de vanguardia y procedimientos quir\u00fargicos modernos. Contamos con especialistas en urolog\u00eda comprometidos con la mejora de la calidad de vida, brindando cuidado integral y personalizado. <\/p>\n\t\t<\/div>\n\t\t\n\t\t<a class=\"elementor-post__read-more\" href=\"https:\/\/rafaelcastellanosurologo.com\/index.php\/2023\/11\/25\/descubre-la-ruta-hacia-una-salud-urologica-optima-en-medellin-cirugia-minimamente-invasiva-y-experticia-en-el-poblado\/\" aria-label=\"Read more about Descubre la Ruta hacia una Salud Urol\u00f3gica \u00d3ptima en Medell\u00edn: Cirug\u00eda M\u00ednimamente Invasiva y Experticia en el Poblado\" tabindex=\"-1\" >\n\t\t\tSeguir Leyendo \u00bb\t\t<\/a>\n\n\t\t\t\t<\/div>\n\t\t\t\t<div class=\"elementor-post__meta-data\">\n\t\t\t\t\t<span class=\"elementor-post-date\">\n\t\t\tnoviembre 25, 2023\t\t<\/span>\n\t\t\t\t<\/div>\n\t\t\t\t\t<\/div>\n\t\t<\/article>\n\t\t\t\t<\/div>\n\t\t\n\t\t\t\t\t\t<\/div>\n\t\t\t\t<\/div>\n\t\t\t\t\t<\/div>\n\t\t\t\t<\/div>\n\t\t\t\t<\/div>\n\t\t","protected":false},"excerpt":{"rendered":"","protected":false},"author":3,"featured_media":0,"parent":0,"menu_order":0,"comment_status":"closed","ping_status":"closed","template":"elementor_header_footer","meta":{"footnotes":""},"class_list":["post-85","page","type-page","status-publish","hentry"],"_links":{"self":[{"href":"https:\/\/rafaelcastellanosurologo.com\/index.php\/wp-json\/wp\/v2\/pages\/85","targetHints":{"allow":["GET"]}}],"collection":[{"href":"https:\/\/rafaelcastellanosurologo.com\/index.php\/wp-json\/wp\/v2\/pages"}],"about":[{"href":"https:\/\/rafaelcastellanosurologo.com\/index.php\/wp-json\/wp\/v2\/types\/page"}],"author":[{"embeddable":true,"href":"https:\/\/rafaelcastellanosurologo.com\/index.php\/wp-json\/wp\/v2\/users\/3"}],"replies":[{"embeddable":true,"href":"https:\/\/rafaelcastellanosurologo.com\/index.php\/wp-json\/wp\/v2\/comments?post=85"}],"version-history":[{"count":28,"href":"https:\/\/rafaelcastellanosurologo.com\/index.php\/wp-json\/wp\/v2\/pages\/85\/revisions"}],"predecessor-version":[{"id":596,"href":"https:\/\/rafaelcastellanosurologo.com\/index.php\/wp-json\/wp\/v2\/pages\/85\/revisions\/596"}],"wp:attachment":[{"href":"https:\/\/rafaelcastellanosurologo.com\/index.php\/wp-json\/wp\/v2\/media?parent=85"}],"curies":[{"name":"wp","href":"https:\/\/api.w.org\/{rel}","templated":true}]}}